{"id":103,"date":"2025-06-29T00:31:18","date_gmt":"2025-06-28T21:31:18","guid":{"rendered":"https:\/\/mehmet.hayalinikodla.com\/neon\/?page_id=103"},"modified":"2025-08-11T16:20:28","modified_gmt":"2025-08-11T13:20:28","slug":"sifre-kasasi-2","status":"publish","type":"page","link":"https:\/\/mehmet.hayalinikodla.com\/neon\/sifre-kasasi-2\/","title":{"rendered":"\u015eifre Kasas\u0131"},"content":{"rendered":"\n<p><strong>\u015eifre Kasas\u0131<\/strong>, internet ba\u011flant\u0131s\u0131 olmadan \u00e7al\u0131\u015fan, ki\u015fisel kullan\u0131c\u0131 ad\u0131 ve \u015fifre bilgilerinizi g\u00fcvenle saklayabilece\u011finiz basit ve modern bir masa\u00fcst\u00fc uygulamas\u0131d\u0131r.<\/p>\n\n\n\n<ul class=\"wp-block-list\">\n<li><strong>Ana Parola Korumas\u0131:<\/strong> \u0130lk a\u00e7\u0131l\u0131\u015fta ana parola belirlenir, sonraki giri\u015flerde parola sorulur.<\/li>\n\n\n\n<li><strong>G\u00fcvenli Saklama:<\/strong> T\u00fcm kay\u0131tlar <code>data.enc<\/code> dosyas\u0131nda <strong>\u015fifrelenmi\u015f<\/strong> \u015fekilde tutulur.<\/li>\n\n\n\n<li><strong>Anahtar Y\u00f6netimi:<\/strong> \u015eifreleme anahtar\u0131 <code>secret.key<\/code> dosyas\u0131nda saklan\u0131r. Bu dosya silinmemelidir.<\/li>\n\n\n\n<li><strong>Kullan\u0131m\u0131 Kolay:<\/strong> Site, kullan\u0131c\u0131 ad\u0131 ve \u015fifre ekleyebilir, arayabilir, silebilir veya kopyalayabilirsiniz.<\/li>\n\n\n\n<li><strong>Tamamen Yerel:<\/strong> Verileriniz sadece bilgisayar\u0131n\u0131zda kal\u0131r, internete g\u00f6nderilmez.<\/li>\n\n\n\n<li><strong>Ekstra G\u00fcvenlik:<\/strong> Ana parolan\u0131z\u0131 istedi\u011finiz zaman de\u011fi\u015ftirebilirsiniz.<\/li>\n<\/ul>\n\n\n\n<p><strong>Kullan\u0131m\u0131 basit, saklamas\u0131 g\u00fcvenli \u2014 \u015eifre Kasas\u0131 senin dijital kasan!<\/strong><\/p>\n\n\n\n<p>\ud83d\udc49 Uygulamay\u0131 indirmek i\u00e7in a\u015fa\u011f\u0131daki butona t\u0131klay\u0131n: <\/p>\n\n\n\n<p class=\"download-button\"><a href=\"https:\/\/mehmet.hayalinikodla.com\/neon\/wp-content\/uploads\/2025\/06\/Sifre-Kasasi.zip\">indir<\/a><\/p>\n\n\n\n<p>v0.9:<\/p>\n\n\n\n<h1 class=\"wp-block-heading\">\u015eifre Kasas\u0131 v0.9 G\u00fcncelleme notlar\u0131<\/h1>\n\n\n\n<p><strong>v0.9:<\/strong><\/p>\n\n\n\n<p>Uygulama a\u00e7\u0131l\u0131rken parola soruyor.<\/p>\n\n\n\n<p>Men\u00fcde&nbsp;<strong>\u201cAna Parolay\u0131 De\u011fi\u015ftir\u201d<\/strong>&nbsp;butonu var.<\/p>\n\n\n\n<p>Mevcut parola do\u011fru girilirse yeni parola belirlenebiliyor.<\/p>\n\n\n\n<p class=\"download-button\"><a href=\"https:\/\/mehmet.hayalinikodla.com\/neon\/wp-content\/uploads\/2025\/06\/Sifre-Kasasi-v0.9.zip\">v0.9\u0130ndir<\/a><\/p>\n\n\n\n<h2 class=\"wp-block-heading has-large-font-size\"><strong>\u015eifre Kasas\u0131 v1.0 G\u00fcncelleme notlar\u0131<\/strong><\/h2>\n\n\n\n<ul class=\"wp-block-list\">\n<li class=\"has-medium-font-size\"><strong>Yedekleme<\/strong> ve <strong>Yede\u011fi Geri Y\u00fckleme<\/strong> \u00f6zellikleri eklendi. Kullan\u0131c\u0131 verileri yedek dosyas\u0131 olarak d\u0131\u015fa aktar\u0131labilir ve geri y\u00fcklenebilir.<\/li>\n\n\n\n<li class=\"has-medium-font-size\"><\/li>\n\n\n\n<li class=\"has-medium-font-size\"><strong>Parola G\u00fc\u00e7 G\u00f6stergesi<\/strong> eklendi. Ana parola belirlerken parola zay\u0131f\/orta\/g\u00fc\u00e7l\u00fc olarak bilgilendirilir.<\/li>\n\n\n\n<li class=\"has-medium-font-size\"><\/li>\n\n\n\n<li class=\"has-medium-font-size\"><strong>Otomatik Kilit (Auto Lock)<\/strong> eklendi. Uygulamada 5 dakika i\u015flem yap\u0131lmazsa otomatik olarak kilitlenir.<\/li>\n\n\n\n<li class=\"has-medium-font-size\"><\/li>\n\n\n\n<li class=\"has-medium-font-size\">Buton paneli yatay kayd\u0131r\u0131labilir hale getirildi. Dar ekranlarda butonlar ta\u015fsa bile kullan\u0131labilir.<\/li>\n\n\n\n<li class=\"has-medium-font-size\"><\/li>\n\n\n\n<li class=\"has-medium-font-size\">Aray\u00fcz d\u00fczenlemeleri yap\u0131ld\u0131, modern ve kullan\u0131c\u0131 dostu hale getirildi.<\/li>\n\n\n\n<li class=\"has-medium-font-size\"><\/li>\n\n\n\n<li class=\"has-medium-font-size\">G\u00fcvenlik, eri\u015filebilirlik ve kullan\u0131m kolayl\u0131\u011f\u0131 art\u0131r\u0131ld\u0131.<\/li>\n<\/ul>\n\n\n\n<p class=\"download-button\"><a href=\"https:\/\/mehmet.hayalinikodla.com\/neon\/wp-content\/uploads\/2025\/07\/Sifre-Kasasi-v1.0.zip\">v1.0 \u0130ndir<\/a><\/p>\n\n\n\n<h1 class=\"wp-block-heading\">\u015eifre Kasas\u0131 v1.5 G\u00fcncelleme Notlar\u0131<\/h1>\n\n\n\n<ul class=\"wp-block-list\">\n<li><strong>Ger\u00e7ek Pencere Modu:<\/strong> Tam ekran yerine yeniden boyutland\u0131r\u0131labilir, standart pencere olarak kullanabilirsiniz. B\u00f6ylece uygulamay\u0131 k\u00fc\u00e7\u00fclt\u00fcp b\u00fcy\u00fctmek kolayla\u015ft\u0131.<\/li>\n\n\n\n<li><strong>\u015eifre G\u00f6ster\/Gizle Butonu:<\/strong> \u015eifre giri\u015f alan\u0131nda, yazd\u0131\u011f\u0131n\u0131z \u015fifreyi g\u00f6rmek veya gizlemek i\u00e7in pratik buton eklendi.<\/li>\n\n\n\n<li><strong>Kullan\u0131c\u0131 Ad\u0131 ve \u015eifre Kopyalama:<\/strong> Kay\u0131tlar\u0131n yan\u0131nda kullan\u0131c\u0131 ad\u0131 ve \u015fifreyi kolayca panoya kopyalayabilece\u011finiz butonlar bulunuyor.<\/li>\n\n\n\n<li><strong>Yatay Kayd\u0131r\u0131labilir Buton Paneli:<\/strong> \u0130\u015flevsel butonlar, pencere darald\u0131\u011f\u0131nda bile kolayca eri\u015filebilir ve yatayda kayd\u0131r\u0131labilir.<\/li>\n\n\n\n<li><strong>Tema De\u011fi\u015ftirme:<\/strong> Koyu ve a\u00e7\u0131k tema aras\u0131nda h\u0131zl\u0131 ge\u00e7i\u015f yapabilme \u00f6zelli\u011fi eklendi.<\/li>\n\n\n\n<li><strong>Otomatik Kilit Mekanizmas\u0131:<\/strong> Uygulama, belirli s\u00fcre hareketsiz kal\u0131nca g\u00fcvenlik amac\u0131yla otomatik olarak kilitleniyor.<\/li>\n\n\n\n<li><strong>Kopyalama Sonras\u0131 Bildirim (Toast):<\/strong> Kopyalama i\u015flemi yap\u0131ld\u0131\u011f\u0131nda k\u00fc\u00e7\u00fck bildirimler ile ba\u015far\u0131l\u0131 i\u015flemler bildiriliyor.<\/li>\n<\/ul>\n\n\n\n<p class=\"download-button\"><a href=\"https:\/\/mehmet.hayalinikodla.com\/neon\/wp-content\/uploads\/2025\/08\/Sifre-Kasasi-v1.5.zip\" data-type=\"link\" data-id=\"https:\/\/mehmet.hayalinikodla.com\/neon\/wp-content\/uploads\/2025\/08\/Sifre-Kasasi-v1.5.zip\">v1.5 indir<\/a><\/p>\n\n\n\n<h2 class=\"wp-block-heading\">\ud83d\udce2 \u015eifre Kasas\u0131 v2.0 G\u00fcncelleme Notlar\u0131<\/h2>\n\n\n\n<h3 class=\"wp-block-heading\">\u2728 Yeni \u00d6zellikler<\/h3>\n\n\n\n<ul class=\"wp-block-list\">\n<li><strong>Kategori Sistemi<\/strong> eklendi \u2192 \u015eifrelerinizi \u201cSosyal Medya, Banka, Oyun\u201d gibi kategorilere ay\u0131rabilirsiniz.<\/li>\n\n\n\n<li><strong>Not Alan\u0131<\/strong> \u2192 Her \u015fifreye ek a\u00e7\u0131klama veya ipucu ekleyebilirsiniz.<\/li>\n\n\n\n<li><strong>Tarih Damgas\u0131<\/strong> \u2192 Kay\u0131tlar eklendi\u011fi ve g\u00fcncellendi\u011fi tarihi g\u00f6sterir.<\/li>\n\n\n\n<li><strong>Geli\u015fmi\u015f Arama &amp; Filtre<\/strong> \u2192 Site ad\u0131na veya kullan\u0131c\u0131 ad\u0131na g\u00f6re arama, kategoriye g\u00f6re filtreleme.<\/li>\n\n\n\n<li><strong>\u015eifre G\u00fcc\u00fc Analizi<\/strong> \u2192 Ekledi\u011finiz \u015fifrenin zay\u0131f \/ orta \/ g\u00fc\u00e7l\u00fc oldu\u011funu g\u00f6sterir.<\/li>\n\n\n\n<li><strong>Kopyalama Butonlar\u0131<\/strong> \u2192 Hem kullan\u0131c\u0131 ad\u0131n\u0131 hem \u015fifreyi tek t\u0131kla kopyalayabilirsiniz.<\/li>\n<\/ul>\n\n\n\n<h3 class=\"wp-block-heading\">\ud83d\udda5 Aray\u00fcz \u0130yile\u015ftirmeleri<\/h3>\n\n\n\n<ul class=\"wp-block-list\">\n<li><strong>Modern ve tam ekran tasar\u0131m<\/strong><\/li>\n\n\n\n<li>Kayd\u0131rma \u00e7ubu\u011fu eklendi, t\u00fcm butonlar ve kay\u0131tlar g\u00f6r\u00fcn\u00fcr hale geldi.<\/li>\n\n\n\n<li>Tema renkleri ve d\u00fczenler geli\u015ftirildi.<\/li>\n<\/ul>\n\n\n\n<h3 class=\"wp-block-heading\">\ud83d\udd12 G\u00fcvenlik<\/h3>\n\n\n\n<ul class=\"wp-block-list\">\n<li>Ana parola ile giri\u015f sistemi korundu.<\/li>\n\n\n\n<li>3 yanl\u0131\u015f giri\u015fte otomatik kilit (30 saniye).<\/li>\n\n\n\n<li>Veri tamamen <strong>offline<\/strong> saklan\u0131yor, internete ba\u011flanm\u0131yor.<\/li>\n<\/ul>\n\n\n\n<p class=\"download-button\"><a href=\"https:\/\/mehmet.hayalinikodla.com\/neon\/wp-content\/uploads\/2025\/08\/Sifre-Kasasi-v2.0.zip\" data-type=\"link\" data-id=\"https:\/\/mehmet.hayalinikodla.com\/neon\/wp-content\/uploads\/2025\/08\/Sifre-Kasasi-v2.0.zip\">v2.0 indir<\/a><\/p>\n\n\n\n<p><\/p>\n","protected":false},"excerpt":{"rendered":"<p>\u015eifre Kasas\u0131, internet ba\u011flant\u0131s\u0131 olmadan \u00e7al\u0131\u015fan, ki\u015fisel kullan\u0131c\u0131 ad\u0131 ve \u015fifre bilgilerinizi g\u00fcvenle saklayabilece\u011finiz basit ve modern bir masa\u00fcst\u00fc uygulamas\u0131d\u0131r. Kullan\u0131m\u0131 basit, saklamas\u0131 g\u00fcvenli \u2014 \u015eifre Kasas\u0131 senin dijital kasan!&#8230; <\/p>\n","protected":false},"author":1,"featured_media":0,"parent":0,"menu_order":0,"comment_status":"closed","ping_status":"closed","template":"","meta":{"footnotes":""},"class_list":["post-103","page","type-page","status-publish","hentry"],"_links":{"self":[{"href":"https:\/\/mehmet.hayalinikodla.com\/neon\/wp-json\/wp\/v2\/pages\/103","targetHints":{"allow":["GET"]}}],"collection":[{"href":"https:\/\/mehmet.hayalinikodla.com\/neon\/wp-json\/wp\/v2\/pages"}],"about":[{"href":"https:\/\/mehmet.hayalinikodla.com\/neon\/wp-json\/wp\/v2\/types\/page"}],"author":[{"embeddable":true,"href":"https:\/\/mehmet.hayalinikodla.com\/neon\/wp-json\/wp\/v2\/users\/1"}],"replies":[{"embeddable":true,"href":"https:\/\/mehmet.hayalinikodla.com\/neon\/wp-json\/wp\/v2\/comments?post=103"}],"version-history":[{"count":11,"href":"https:\/\/mehmet.hayalinikodla.com\/neon\/wp-json\/wp\/v2\/pages\/103\/revisions"}],"predecessor-version":[{"id":241,"href":"https:\/\/mehmet.hayalinikodla.com\/neon\/wp-json\/wp\/v2\/pages\/103\/revisions\/241"}],"wp:attachment":[{"href":"https:\/\/mehmet.hayalinikodla.com\/neon\/wp-json\/wp\/v2\/media?parent=103"}],"curies":[{"name":"wp","href":"https:\/\/api.w.org\/{rel}","templated":true}]}}