{"id":152,"date":"2025-07-13T15:28:28","date_gmt":"2025-07-13T12:28:28","guid":{"rendered":"https:\/\/mehmet.hayalinikodla.com\/neon\/?page_id=152"},"modified":"2025-07-13T15:58:37","modified_gmt":"2025-07-13T12:58:37","slug":"minescratch","status":"publish","type":"page","link":"https:\/\/mehmet.hayalinikodla.com\/neon\/minescratch\/","title":{"rendered":"Minescratch"},"content":{"rendered":"\n<iframe src=\"https:\/\/scratch.mit.edu\/projects\/871327598\/embed\" allowtransparency=\"true\" width=\"485\" height=\"402\" frameborder=\"0\" scrolling=\"no\" allowfullscreen><\/iframe>\n\n\n\n<p>TURKISH:Mine-scratch oyunu ile amac\u0131m\u0131z minecraft karakterinin coin toplamas\u0131n\u0131 sa\u011flamak ve bu s\u0131rada canavarlardan ka\u00e7mak! Unutmay\u0131n L tu\u015fu ile \u00f6zel g\u00fcc\u00fcn\u00fcz\u00fc kullan\u0131p canavar\u0131 yava\u015flatabilirsiniz.<\/p>\n\n\n\n<p>ENGLISH:With the mine-scratch game, our goal is to make the minecraft character collect coins and escape from the monsters while doing so! Remember, you can slow down the monster by using your special power with the L key.<\/p>\n\n\n\n<p>Tr:Bu bilgisayarlar i\u00e7indir<\/p>\n\n\n\n<p>En: This is for pc&#8217;s<\/p>\n","protected":false},"excerpt":{"rendered":"<p>TURKISH:Mine-scratch oyunu ile amac\u0131m\u0131z minecraft karakterinin coin toplamas\u0131n\u0131 sa\u011flamak ve bu s\u0131rada canavarlardan ka\u00e7mak! Unutmay\u0131n L tu\u015fu ile \u00f6zel g\u00fcc\u00fcn\u00fcz\u00fc kullan\u0131p canavar\u0131 yava\u015flatabilirsiniz. ENGLISH:With the mine-scratch game, our goal is&#8230; <\/p>\n","protected":false},"author":1,"featured_media":0,"parent":0,"menu_order":0,"comment_status":"closed","ping_status":"closed","template":"","meta":{"footnotes":""},"class_list":["post-152","page","type-page","status-publish","hentry"],"_links":{"self":[{"href":"https:\/\/mehmet.hayalinikodla.com\/neon\/wp-json\/wp\/v2\/pages\/152","targetHints":{"allow":["GET"]}}],"collection":[{"href":"https:\/\/mehmet.hayalinikodla.com\/neon\/wp-json\/wp\/v2\/pages"}],"about":[{"href":"https:\/\/mehmet.hayalinikodla.com\/neon\/wp-json\/wp\/v2\/types\/page"}],"author":[{"embeddable":true,"href":"https:\/\/mehmet.hayalinikodla.com\/neon\/wp-json\/wp\/v2\/users\/1"}],"replies":[{"embeddable":true,"href":"https:\/\/mehmet.hayalinikodla.com\/neon\/wp-json\/wp\/v2\/comments?post=152"}],"version-history":[{"count":3,"href":"https:\/\/mehmet.hayalinikodla.com\/neon\/wp-json\/wp\/v2\/pages\/152\/revisions"}],"predecessor-version":[{"id":159,"href":"https:\/\/mehmet.hayalinikodla.com\/neon\/wp-json\/wp\/v2\/pages\/152\/revisions\/159"}],"wp:attachment":[{"href":"https:\/\/mehmet.hayalinikodla.com\/neon\/wp-json\/wp\/v2\/media?parent=152"}],"curies":[{"name":"wp","href":"https:\/\/api.w.org\/{rel}","templated":true}]}}