{"id":245,"date":"2025-08-27T18:36:43","date_gmt":"2025-08-27T15:36:43","guid":{"rendered":"https:\/\/mehmet.hayalinikodla.com\/neon\/?page_id=245"},"modified":"2025-08-27T18:36:45","modified_gmt":"2025-08-27T15:36:45","slug":"kilitdosya-2","status":"publish","type":"page","link":"https:\/\/mehmet.hayalinikodla.com\/neon\/kilitdosya-2\/","title":{"rendered":"KilitDosya"},"content":{"rendered":"\n<h2 class=\"wp-block-heading\">\ud83d\udccc KilitDosya &#8211; Basit Dosya \u015eifreleyici<\/h2>\n\n\n\n<p><strong>A\u00e7\u0131klama:<\/strong><br>KilitDosya, dosyalar\u0131n\u0131z\u0131 g\u00fcvenli bir \u015fekilde \u015fifrelemenizi ve gerekti\u011finde tekrar \u00e7\u00f6zmenizi sa\u011flayan basit bir \u015fifreleme arac\u0131d\u0131r.<br>Uygulama sayesinde sadece se\u00e7ti\u011finiz dosya t\u00fcrlerini (\u00f6rne\u011fin <code>.txt<\/code>) \u015fifreleyebilir ve \u00e7\u00f6zebilirsiniz.<\/p>\n\n\n\n<p><strong>\u00d6zellikler:<\/strong><\/p>\n\n\n\n<ul class=\"wp-block-list\">\n<li>Belirli dosya t\u00fcr\u00fc se\u00e7me (yanl\u0131\u015f dosya y\u00fcklenemez).<\/li>\n\n\n\n<li>Tek tu\u015fla <strong>dosya \u015fifreleme<\/strong>.<\/li>\n\n\n\n<li>Tek tu\u015fla <strong>\u015fifre \u00e7\u00f6zme<\/strong>.<\/li>\n\n\n\n<li>Basit ve kullan\u0131\u015fl\u0131 aray\u00fcz.<\/li>\n<\/ul>\n\n\n\n<p><strong>Kurulum Gerektirmez!<\/strong><br>Program tek ba\u015f\u0131na \u00e7al\u0131\u015f\u0131r, ek kurulum gerekmez.<br>Sadece <code>KilitDosya.exe<\/code> dosyas\u0131n\u0131 a\u00e7arak kullanmaya ba\u015flayabilirsiniz.<\/p>\n\n\n\n<p><strong>Nas\u0131l Kullan\u0131l\u0131r?<\/strong><\/p>\n\n\n\n<ol class=\"wp-block-list\">\n<li>Program\u0131 a\u00e7\u0131n.<\/li>\n\n\n\n<li><code>Dosya Se\u00e7<\/code> butonuna basarak \u015fifrelemek istedi\u011finiz dosyay\u0131 se\u00e7in.<\/li>\n\n\n\n<li><code>\u015eifrele<\/code> butonuna basarak dosyay\u0131 kilitleyin.<\/li>\n\n\n\n<li><code>\u015eifreyi \u00c7\u00f6z<\/code> butonuna basarak dosyay\u0131 eski haline getirin.<\/li>\n<\/ol>\n\n\n\n<p class=\"download-button\"><a href=\"https:\/\/mehmet.hayalinikodla.com\/neon\/wp-content\/uploads\/2025\/08\/KilitDosya.zip\">indir<\/a><\/p>\n\n\n\n<p><\/p>\n","protected":false},"excerpt":{"rendered":"<p>\ud83d\udccc KilitDosya &#8211; Basit Dosya \u015eifreleyici A\u00e7\u0131klama:KilitDosya, dosyalar\u0131n\u0131z\u0131 g\u00fcvenli bir \u015fekilde \u015fifrelemenizi ve gerekti\u011finde tekrar \u00e7\u00f6zmenizi sa\u011flayan basit bir \u015fifreleme arac\u0131d\u0131r.Uygulama sayesinde sadece se\u00e7ti\u011finiz dosya t\u00fcrlerini (\u00f6rne\u011fin .txt) \u015fifreleyebilir ve&#8230; <\/p>\n","protected":false},"author":1,"featured_media":0,"parent":0,"menu_order":0,"comment_status":"closed","ping_status":"closed","template":"","meta":{"footnotes":""},"class_list":["post-245","page","type-page","status-publish","hentry"],"_links":{"self":[{"href":"https:\/\/mehmet.hayalinikodla.com\/neon\/wp-json\/wp\/v2\/pages\/245","targetHints":{"allow":["GET"]}}],"collection":[{"href":"https:\/\/mehmet.hayalinikodla.com\/neon\/wp-json\/wp\/v2\/pages"}],"about":[{"href":"https:\/\/mehmet.hayalinikodla.com\/neon\/wp-json\/wp\/v2\/types\/page"}],"author":[{"embeddable":true,"href":"https:\/\/mehmet.hayalinikodla.com\/neon\/wp-json\/wp\/v2\/users\/1"}],"replies":[{"embeddable":true,"href":"https:\/\/mehmet.hayalinikodla.com\/neon\/wp-json\/wp\/v2\/comments?post=245"}],"version-history":[{"count":1,"href":"https:\/\/mehmet.hayalinikodla.com\/neon\/wp-json\/wp\/v2\/pages\/245\/revisions"}],"predecessor-version":[{"id":246,"href":"https:\/\/mehmet.hayalinikodla.com\/neon\/wp-json\/wp\/v2\/pages\/245\/revisions\/246"}],"wp:attachment":[{"href":"https:\/\/mehmet.hayalinikodla.com\/neon\/wp-json\/wp\/v2\/media?parent=245"}],"curies":[{"name":"wp","href":"https:\/\/api.w.org\/{rel}","templated":true}]}}